{"id":43,"date":"2007-08-27T14:10:53","date_gmt":"2007-08-27T12:10:53","guid":{"rendered":"http:\/\/tribuene.tsv-birkenau.de\/index.php\/redaktion-2"},"modified":"2023-01-16T14:09:08","modified_gmt":"2023-01-16T13:09:08","slug":"redaktion-2","status":"publish","type":"page","link":"https:\/\/tribuene.tsv-birkenau.de\/index.php\/redaktion-2","title":{"rendered":"Redaktion"},"content":{"rendered":"<p>Die \u201eTrib\u00fcne Aktuell\u201c ist eine Sportzeitung der TSV Birkenau Handball Spielbetriebs\u00a0GmbH. Diese erscheint regelm\u00e4\u00dfig zu den Heimspielen unserer \u201eTSV Falken\u201c der Badenliga-Mannschaft des TSV Birkenau. Wir berichten in der \u201eTrib\u00fcne Aktuell\u201c zeitnah und umfangreich sowohl \u00fcber das Handballgeschehen beim TSV Birkenau, als auch \u00fcber andere Sportarten und aktuelle Entwicklungen innerhalb des Vereins. Das Redaktionsteam der \u201eTrib\u00fcne Aktuell\u201c arbeitet ehrenamtlich und f\u00fchlt sich in erster Linie der Information von Mitgliedern und Freunden des TSV Birkenau verpflichtet. Wir, das Redaktionsteam, freuen uns \u00fcber Kritik, Anregungen sowie Unterst\u00fctzung. F\u00fcr Fragen stehen wir Ihnen selbstverst\u00e4ndlich jederzeit gerne zur Verf\u00fcgung.<\/p>\n<p><strong>Das Redaktionsteam<\/strong><\/p>\n<p>Paul B\u00f6hm<br \/>\nSatz und Layout\/Anzeigenbetreuung\/Internet<br \/>\n(<a href=\"mailto:paul-boehm@tribuene-aktuell.de\">paul-boehm@tribuene-aktuell.de<\/a>)<\/p>\n<p>Daniel G\u00f6tz<br \/>\nSatz und Layout\/Marketing\/Anzeigenbetreuung\/Internet<br \/>\n(<a href=\"mailto:daniel-goetz@tribuene-aktuell.de\">daniel-goetz@tribuene-aktuell.de<\/a>)<\/p>\n<p>Linda Sch\u00e4fer<br \/>\n\u00d6ffentlichkeitsarbeit<br \/>\n(<a href=\"mailto:linda-schaefer@tribuene-aktuell.de\">linda-schaefer@tribuene-aktuell.de<\/a>)<\/p>\n","protected":false},"excerpt":{"rendered":"<p>Die \u201eTrib\u00fcne Aktuell\u201c ist eine Sportzeitung der TSV Birkenau Handball Spielbetriebs\u00a0GmbH. Diese erscheint regelm\u00e4\u00dfig zu den Heimspielen unserer \u201eTSV Falken\u201c der Badenliga-Mannschaft des TSV Birkenau. Wir berichten in der \u201eTrib\u00fcne Aktuell\u201c zeitnah und umfangreich sowohl \u00fcber das Handballgeschehen beim TSV Birkenau, als auch \u00fcber andere Sportarten und aktuelle Entwicklungen innerhalb des Vereins. Das Redaktionsteam der &hellip; <\/p>\n<p class=\"link-more\"><a href=\"https:\/\/tribuene.tsv-birkenau.de\/index.php\/redaktion-2\" class=\"more-link\"><span class=\"screen-reader-text\">\u201eRedaktion\u201c <\/span>weiterlesen<\/a><\/p>\n","protected":false},"author":7,"featured_media":0,"parent":0,"menu_order":4,"comment_status":"open","ping_status":"open","template":"","meta":{"footnotes":""},"class_list":["post-43","page","type-page","status-publish","hentry"],"_links":{"self":[{"href":"https:\/\/tribuene.tsv-birkenau.de\/index.php\/wp-json\/wp\/v2\/pages\/43","targetHints":{"allow":["GET"]}}],"collection":[{"href":"https:\/\/tribuene.tsv-birkenau.de\/index.php\/wp-json\/wp\/v2\/pages"}],"about":[{"href":"https:\/\/tribuene.tsv-birkenau.de\/index.php\/wp-json\/wp\/v2\/types\/page"}],"author":[{"embeddable":true,"href":"https:\/\/tribuene.tsv-birkenau.de\/index.php\/wp-json\/wp\/v2\/users\/7"}],"replies":[{"embeddable":true,"href":"https:\/\/tribuene.tsv-birkenau.de\/index.php\/wp-json\/wp\/v2\/comments?post=43"}],"version-history":[{"count":7,"href":"https:\/\/tribuene.tsv-birkenau.de\/index.php\/wp-json\/wp\/v2\/pages\/43\/revisions"}],"predecessor-version":[{"id":1293,"href":"https:\/\/tribuene.tsv-birkenau.de\/index.php\/wp-json\/wp\/v2\/pages\/43\/revisions\/1293"}],"wp:attachment":[{"href":"https:\/\/tribuene.tsv-birkenau.de\/index.php\/wp-json\/wp\/v2\/media?parent=43"}],"curies":[{"name":"wp","href":"https:\/\/api.w.org\/{rel}","templated":true}]}}