{"id":516,"date":"2012-02-15T09:22:36","date_gmt":"2012-02-15T08:22:36","guid":{"rendered":"http:\/\/tribuene.tsv-birkenau.de\/?page_id=516"},"modified":"2012-02-15T10:01:38","modified_gmt":"2012-02-15T09:01:38","slug":"auslagestellen","status":"publish","type":"page","link":"https:\/\/tribuene.tsv-birkenau.de\/index.php\/auslagestellen","title":{"rendered":"Auslagestellen"},"content":{"rendered":"<p><strong>Die &#8222;Trib\u00fcne Aktuell&#8220; ist erh\u00e4ltlich bei:<\/strong><\/p>\n<table border=\"0\" cellspacing=\"0\" cellpadding=\"0\">\n<tbody>\n<tr>\n<td valign=\"top\" width=\"196\"><\/td>\n<td valign=\"top\" width=\"189\"><\/td>\n<\/tr>\n<tr>\n<td valign=\"top\" width=\"196\">Aral Tankstelle B\u00f6hm<\/td>\n<td valign=\"top\" width=\"189\">Elektro Kadel<\/td>\n<\/tr>\n<tr>\n<td valign=\"top\" width=\"196\">Gastst\u00e4tte &#8222;Da Gianni&#8220;<\/td>\n<td valign=\"top\" width=\"189\">Reiseb\u00fcro &#8222;Reiseinsel&#8220;<\/td>\n<\/tr>\n<tr>\n<td valign=\"top\" width=\"196\">Profi Getr\u00e4nkecenter<\/td>\n<td valign=\"top\" width=\"189\">Friseur Pfeiffer<\/td>\n<\/tr>\n<tr>\n<td valign=\"top\" width=\"196\">Blumen Adrian<\/td>\n<td valign=\"top\" width=\"189\">Restaurant &#8222;Ratsstuben&#8220;<\/td>\n<\/tr>\n<tr>\n<td valign=\"top\" width=\"196\">Rathaus Apotheke<\/td>\n<td valign=\"top\" width=\"189\">Rathaus Birkenau<\/td>\n<\/tr>\n<tr>\n<td valign=\"top\" width=\"196\">Chris Haarmoden<\/td>\n<td valign=\"top\" width=\"189\">Autohaus R\u00f6ssel<\/td>\n<\/tr>\n<tr>\n<td valign=\"top\" width=\"196\">Elektro Fries<\/td>\n<td valign=\"top\" width=\"189\">Frischecenter Bylitza<\/td>\n<\/tr>\n<tr>\n<td valign=\"top\" width=\"196\">Osada Kaminstudio<\/td>\n<td valign=\"top\" width=\"189\">Jet Tankstelle Buch<\/td>\n<\/tr>\n<tr>\n<td valign=\"top\" width=\"196\">Schreiwaren P\u00f6stges<\/td>\n<td valign=\"top\" width=\"189\">Reifenhaus Birkenau<\/td>\n<\/tr>\n<tr>\n<td valign=\"top\" width=\"196\">B\u00e4ckerei K &amp; U<\/td>\n<td valign=\"top\" width=\"189\">Einrichtungshaus J\u00e4ger<\/td>\n<\/tr>\n<tr>\n<td valign=\"top\" width=\"196\">Sparkasse Starkenburg<\/td>\n<td valign=\"top\" width=\"189\">Friseursalon Kanphut<\/td>\n<\/tr>\n<tr>\n<td valign=\"top\" width=\"196\">Volksbank Weinheim<\/td>\n<td valign=\"top\" width=\"189\">Farbengesch\u00e4ft La\u00dflop<\/td>\n<\/tr>\n<tr>\n<td valign=\"top\" width=\"196\">Volksbank Weschnitztal (Reisen)<\/td>\n<td valign=\"top\" width=\"189\">Pizzaservice &#8222;La Mamma&#8220;<\/td>\n<\/tr>\n<tr>\n<td valign=\"top\" width=\"196\">Massagepraxis Ziener<\/td>\n<td valign=\"top\" width=\"189\">B\u00e4ckerei Brehm<\/td>\n<\/tr>\n<tr>\n<td valign=\"top\" width=\"196\">Schlo\u00df Apotheke<\/td>\n<td valign=\"top\" width=\"189\">TFD Mayer<\/td>\n<\/tr>\n<tr>\n<td valign=\"top\" width=\"196\">Schuhhaus Heckmann<\/td>\n<td valign=\"top\" width=\"189\">Wiba-Markt<\/td>\n<\/tr>\n<tr>\n<td valign=\"top\" width=\"196\">Kleintierpraxis Neumann<\/td>\n<td valign=\"top\" width=\"189\">Gastst\u00e4tte &#8222;Athen&#8220;<\/td>\n<\/tr>\n<tr>\n<td valign=\"top\" width=\"196\">Bistro &#8222;Toscana&#8220;<\/td>\n<td valign=\"top\" width=\"189\">Seniorenheim Schmidt<\/td>\n<\/tr>\n<tr>\n<td valign=\"top\" width=\"196\">Scheuermann<\/td>\n<td valign=\"top\" width=\"189\">Gesundheitscenter Fey<\/td>\n<\/tr>\n<tr>\n<td valign=\"top\" width=\"196\">Wollstudio Kleinhans<\/td>\n<td valign=\"top\" width=\"189\">Kiosk &#8222;Fresh&#8220;<\/td>\n<\/tr>\n<tr>\n<td valign=\"top\" width=\"196\">Praxis Dr. Klein<\/td>\n<td valign=\"top\" width=\"189\">Langenbergsporthalle<\/td>\n<\/tr>\n<tr>\n<td valign=\"top\" width=\"196\">Praxis Dr. Walter-Vitek<\/td>\n<td valign=\"top\" width=\"189\">Eiscafe Fontana<\/td>\n<\/tr>\n<tr>\n<td valign=\"top\" width=\"196\">Praxis Dres. Betzler\/Kissel<\/td>\n<td valign=\"top\" width=\"189\">Restaurant &#8222;Bei Toni&#8220;<\/td>\n<\/tr>\n<\/tbody>\n<\/table>\n<table border=\"0\" cellspacing=\"0\" cellpadding=\"0\">\n<tbody>\n<tr>\n<td valign=\"top\" width=\"196\">Praxis Dres. Helmke\/Storch<\/td>\n<td valign=\"top\" width=\"189\">Pizzeria &#8222;Sapri&#8220;<\/td>\n<\/tr>\n<tr>\n<td valign=\"top\" width=\"196\">Praxis Dr. Schweizer<\/td>\n<td valign=\"top\" width=\"189\">Autohaus J\u00f6st Weinheim<\/td>\n<\/tr>\n<tr>\n<td valign=\"top\" width=\"196\">Gasthaus &#8222;Zum Engel&#8220;<\/td>\n<td valign=\"top\" width=\"189\">Arztpraxis Hinze M\u00f6rlenbach<\/td>\n<\/tr>\n<tr>\n<td valign=\"top\" width=\"196\"><\/td>\n<td valign=\"top\" width=\"189\"><\/td>\n<\/tr>\n<tr>\n<td valign=\"top\" width=\"196\"><\/td>\n<td valign=\"top\" width=\"189\"><\/td>\n<\/tr>\n<tr>\n<td valign=\"top\" width=\"196\"><\/td>\n<td valign=\"top\" width=\"189\"><\/td>\n<\/tr>\n<tr>\n<td valign=\"top\" width=\"196\"><\/td>\n<td valign=\"top\" width=\"189\"><\/td>\n<\/tr>\n<tr>\n<td valign=\"top\" width=\"196\"><\/td>\n<td valign=\"top\" width=\"189\"><\/td>\n<\/tr>\n<tr>\n<td valign=\"top\" width=\"196\"><\/td>\n<td valign=\"top\" width=\"189\"><\/td>\n<\/tr>\n<tr>\n<td valign=\"top\" width=\"196\"><\/td>\n<td valign=\"top\" width=\"189\"><\/td>\n<\/tr>\n<tr>\n<td valign=\"top\" width=\"196\"><\/td>\n<td valign=\"top\" width=\"189\"><\/td>\n<\/tr>\n<tr>\n<td valign=\"top\" width=\"196\"><\/td>\n<td valign=\"top\" width=\"189\"><\/td>\n<\/tr>\n<tr>\n<td valign=\"top\" width=\"196\"><\/td>\n<td valign=\"top\" width=\"189\"><\/td>\n<\/tr>\n<tr>\n<td valign=\"top\" width=\"196\"><\/td>\n<td valign=\"top\" width=\"189\"><\/td>\n<\/tr>\n<tr>\n<td valign=\"top\" width=\"196\"><\/td>\n<td valign=\"top\" width=\"189\"><\/td>\n<\/tr>\n<tr>\n<td valign=\"top\" width=\"196\"><\/td>\n<td valign=\"top\" width=\"189\"><\/td>\n<\/tr>\n<tr>\n<td valign=\"top\" width=\"196\"><\/td>\n<td valign=\"top\" width=\"189\"><\/td>\n<\/tr>\n<tr>\n<td valign=\"top\" width=\"196\"><\/td>\n<td valign=\"top\" width=\"189\"><\/td>\n<\/tr>\n<tr>\n<td valign=\"top\" width=\"196\"><\/td>\n<td valign=\"top\" width=\"189\"><\/td>\n<\/tr>\n<tr>\n<td valign=\"top\" width=\"196\"><\/td>\n<td valign=\"top\" width=\"189\"><\/td>\n<\/tr>\n<tr>\n<td valign=\"top\" width=\"196\"><\/td>\n<td valign=\"top\" width=\"189\"><\/td>\n<\/tr>\n<tr>\n<td valign=\"top\" width=\"196\"><\/td>\n<td valign=\"top\" width=\"189\"><\/td>\n<\/tr>\n<tr>\n<td valign=\"top\" width=\"196\"><\/td>\n<td valign=\"top\" width=\"189\"><\/td>\n<\/tr>\n<tr>\n<td valign=\"top\" width=\"196\"><\/td>\n<td valign=\"top\" width=\"189\"><\/td>\n<\/tr>\n<\/tbody>\n<\/table>\n<p>&nbsp;<\/p>\n","protected":false},"excerpt":{"rendered":"<p>Die &#8222;Trib\u00fcne Aktuell&#8220; ist erh\u00e4ltlich bei: Aral Tankstelle B\u00f6hm Elektro Kadel Gastst\u00e4tte &#8222;Da Gianni&#8220; Reiseb\u00fcro &#8222;Reiseinsel&#8220; Profi Getr\u00e4nkecenter Friseur Pfeiffer Blumen Adrian Restaurant &#8222;Ratsstuben&#8220; Rathaus Apotheke Rathaus Birkenau Chris Haarmoden Autohaus R\u00f6ssel Elektro Fries Frischecenter Bylitza Osada Kaminstudio Jet Tankstelle Buch Schreiwaren P\u00f6stges Reifenhaus Birkenau B\u00e4ckerei K &amp; U Einrichtungshaus J\u00e4ger Sparkasse Starkenburg Friseursalon Kanphut &hellip; <\/p>\n<p class=\"link-more\"><a href=\"https:\/\/tribuene.tsv-birkenau.de\/index.php\/auslagestellen\" class=\"more-link\"><span class=\"screen-reader-text\">\u201eAuslagestellen\u201c <\/span>weiterlesen<\/a><\/p>\n","protected":false},"author":7,"featured_media":0,"parent":0,"menu_order":0,"comment_status":"open","ping_status":"open","template":"","meta":{"footnotes":""},"class_list":["post-516","page","type-page","status-publish","hentry"],"_links":{"self":[{"href":"https:\/\/tribuene.tsv-birkenau.de\/index.php\/wp-json\/wp\/v2\/pages\/516","targetHints":{"allow":["GET"]}}],"collection":[{"href":"https:\/\/tribuene.tsv-birkenau.de\/index.php\/wp-json\/wp\/v2\/pages"}],"about":[{"href":"https:\/\/tribuene.tsv-birkenau.de\/index.php\/wp-json\/wp\/v2\/types\/page"}],"author":[{"embeddable":true,"href":"https:\/\/tribuene.tsv-birkenau.de\/index.php\/wp-json\/wp\/v2\/users\/7"}],"replies":[{"embeddable":true,"href":"https:\/\/tribuene.tsv-birkenau.de\/index.php\/wp-json\/wp\/v2\/comments?post=516"}],"version-history":[{"count":6,"href":"https:\/\/tribuene.tsv-birkenau.de\/index.php\/wp-json\/wp\/v2\/pages\/516\/revisions"}],"predecessor-version":[{"id":523,"href":"https:\/\/tribuene.tsv-birkenau.de\/index.php\/wp-json\/wp\/v2\/pages\/516\/revisions\/523"}],"wp:attachment":[{"href":"https:\/\/tribuene.tsv-birkenau.de\/index.php\/wp-json\/wp\/v2\/media?parent=516"}],"curies":[{"name":"wp","href":"https:\/\/api.w.org\/{rel}","templated":true}]}}