{"id":7,"date":"2007-08-22T20:51:47","date_gmt":"2007-08-22T18:51:47","guid":{"rendered":"http:\/\/tribuene.tsv-birkenau.de\/index.php\/werbemoeglichkeiten"},"modified":"2012-02-14T13:24:43","modified_gmt":"2012-02-14T12:24:43","slug":"werbemoeglichkeiten","status":"publish","type":"page","link":"https:\/\/tribuene.tsv-birkenau.de\/index.php\/werbemoeglichkeiten","title":{"rendered":"Werbem\u00f6glichkeiten"},"content":{"rendered":"<p>Ein starker TSV braucht starke Partner! Unterst\u00fctzen Sie den Leistungshandball in Birkenau durch Ihre Werbung in unserer Sportzeitung \u201eTrib\u00fcne Aktuell\u201c. Gerne erstellen wir Ihnen bei Bedarf auch ein individuelles Werbekonzept. Dieses reicht von Insertionen in der \u201eTrib\u00fcne\u201c \u00fcber Trikot -und Bandenwerbung bis hin zu speziell auf Ihr Unternehmen abgestimmte Sonderaktionen und Events. Bei Fragen zu Preisen und Konditionen stehen wir Ihnen selbstverst\u00e4ndlich gerne auch pers\u00f6nlich zur Verf\u00fcgung. Vereinbaren Sie einen Termin mit uns.<\/p>\n<p class=\"MsoNormal\">Sie erreichen uns unter: <a href=\"mailto:werbung@tribuene-aktuell.de\">werbung@tribuene-aktuell.de<\/a> oder telefonisch unter: 0 62 01\/60 206 24 oder per Fax unter:\u00a00 62 01\/60 206 2524.<\/p>\n<p class=\"MsoNormal\">Hier finden sie unsere <a href=\"https:\/\/tribuene.tsv-birkenau.de\/wp-content\/upload\/Sponsoring-Angebote-der-TSV-Birkenau-HSB-GmbH1.pdf\">Sponsoringangebote.<\/a><\/p>\n<p class=\"MsoNormal\">\n","protected":false},"excerpt":{"rendered":"<p>Ein starker TSV braucht starke Partner! Unterst\u00fctzen Sie den Leistungshandball in Birkenau durch Ihre Werbung in unserer Sportzeitung \u201eTrib\u00fcne Aktuell\u201c. Gerne erstellen wir Ihnen bei Bedarf auch ein individuelles Werbekonzept. Dieses reicht von Insertionen in der \u201eTrib\u00fcne\u201c \u00fcber Trikot -und Bandenwerbung bis hin zu speziell auf Ihr Unternehmen abgestimmte Sonderaktionen und Events. Bei Fragen zu &hellip; <\/p>\n<p class=\"link-more\"><a href=\"https:\/\/tribuene.tsv-birkenau.de\/index.php\/werbemoeglichkeiten\" class=\"more-link\"><span class=\"screen-reader-text\">\u201eWerbem\u00f6glichkeiten\u201c <\/span>weiterlesen<\/a><\/p>\n","protected":false},"author":7,"featured_media":0,"parent":0,"menu_order":5,"comment_status":"closed","ping_status":"closed","template":"","meta":{"footnotes":""},"class_list":["post-7","page","type-page","status-publish","hentry"],"_links":{"self":[{"href":"https:\/\/tribuene.tsv-birkenau.de\/index.php\/wp-json\/wp\/v2\/pages\/7","targetHints":{"allow":["GET"]}}],"collection":[{"href":"https:\/\/tribuene.tsv-birkenau.de\/index.php\/wp-json\/wp\/v2\/pages"}],"about":[{"href":"https:\/\/tribuene.tsv-birkenau.de\/index.php\/wp-json\/wp\/v2\/types\/page"}],"author":[{"embeddable":true,"href":"https:\/\/tribuene.tsv-birkenau.de\/index.php\/wp-json\/wp\/v2\/users\/7"}],"replies":[{"embeddable":true,"href":"https:\/\/tribuene.tsv-birkenau.de\/index.php\/wp-json\/wp\/v2\/comments?post=7"}],"version-history":[{"count":5,"href":"https:\/\/tribuene.tsv-birkenau.de\/index.php\/wp-json\/wp\/v2\/pages\/7\/revisions"}],"predecessor-version":[{"id":245,"href":"https:\/\/tribuene.tsv-birkenau.de\/index.php\/wp-json\/wp\/v2\/pages\/7\/revisions\/245"}],"wp:attachment":[{"href":"https:\/\/tribuene.tsv-birkenau.de\/index.php\/wp-json\/wp\/v2\/media?parent=7"}],"curies":[{"name":"wp","href":"https:\/\/api.w.org\/{rel}","templated":true}]}}